{"id":791,"date":"2019-09-23T15:57:18","date_gmt":"2019-09-23T15:57:18","guid":{"rendered":"https:\/\/cinderellasday.com\/?page_id=791"},"modified":"2023-07-21T12:01:57","modified_gmt":"2023-07-21T12:01:57","slug":"kapcsolat","status":"publish","type":"page","link":"https:\/\/cinderellasday.com\/hu\/kapcsolat\/","title":{"rendered":"Kapcsolat"},"content":{"rendered":"<section class=\"wpb-content-wrapper\"><p>[vc_row row_type=&#8221;parallax&#8221; parallax_content_width=&#8221;full_width&#8221; text_align=&#8221;left&#8221; full_screen_section_height=&#8221;no&#8221; background_image=&#8221;794&#8243; section_height=&#8221;350&#8243;][vc_column][\/vc_column][\/vc_row][vc_row css_animation=&#8221;&#8221; row_type=&#8221;row&#8221; use_row_as_full_screen_section=&#8221;no&#8221; type=&#8221;grid&#8221; angled_section=&#8221;no&#8221; text_align=&#8221;center&#8221; background_image_as_pattern=&#8221;without_pattern&#8221; z_index=&#8221;&#8221; css=&#8221;.vc_custom_1566644981902{padding-top: 50px !important;padding-bottom: 50px !important;}&#8221;][vc_column][qode_elements_holder number_of_columns=&#8221;one_column&#8221;][qode_elements_holder_item advanced_animations=&#8221;no&#8221; item_padding_768_1024=&#8221;0 8% 0 8%&#8221; item_padding_600_768=&#8221;0 0 0 0&#8243; item_padding_480=&#8221;0 0% 0 0%&#8221; item_padding=&#8221;0 8% 0 8%&#8221;][vc_column_text]<\/p>\n<h1>Kapcsolat<\/h1>\n<p>[\/vc_column_text][vc_separator type=&#8221;small&#8221; position=&#8221;center&#8221; color=&#8221;#c4a47c&#8221; thickness=&#8221;1&#8243; width=&#8221;120&#8243;][vc_empty_space height=&#8221;20px&#8221;][vc_column_text]Vegy\u00e9tek fel Kisfaludy-T\u00f3bel N\u00f3rival a kapcsolatot m\u00e9g ma, hogy megtudj\u00e1tok, hogyan is seg\u00edthet\u00fcnk nektek az esk\u00fcv\u0151 szervez\u00e9s\u00e9ben, tervez\u00e9s\u00e9ben \u00e9s koordin\u00e1l\u00e1s\u00e1ban. K\u00e9rjetek egy id\u0151pontot egy szem\u00e9lyes tal\u00e1lkoz\u00f3ra a lenti \u0171rlap seg\u00edts\u00e9g\u00e9vel, h\u00edvjatok fel telefonon<a href=\"callto:+36203603920\"><strong>+36 20\u00a0360 39 20<\/strong><\/a>-as sz\u00e1mon, vagy k\u00fcldjetek egy e-mailt az <a href=\"mailto:info@cinderellasday.com\"><strong>info@cinderellasday.com<\/strong><\/a> c\u00edmre.[\/vc_column_text][\/qode_elements_holder_item][\/qode_elements_holder][\/vc_column][\/vc_row][vc_row css_animation=&#8221;&#8221; row_type=&#8221;row&#8221; use_row_as_full_screen_section=&#8221;no&#8221; type=&#8221;grid&#8221; angled_section=&#8221;no&#8221; text_align=&#8221;center&#8221; background_image_as_pattern=&#8221;without_pattern&#8221; z_index=&#8221;&#8221; css=&#8221;.vc_custom_1566644936160{padding-top: 50px !important;padding-bottom: 50px !important;}&#8221;][vc_column width=&#8221;1\/3&#8243;][vc_single_image image=&#8221;708&#8243; img_size=&#8221;full&#8221; alignment=&#8221;center&#8221; qode_css_animation=&#8221;element_from_fade&#8221;][vc_empty_space height=&#8221;15px&#8221;][vc_column_text]<\/p>\n<h3>TELEFON<\/h3>\n<p>[\/vc_column_text][vc_empty_space height=&#8221;15px&#8221;][vc_column_text]<\/p>\n<p style=\"text-align: center;\"><a href=\"callto:+36203603920\"><strong>+36 20 360 39 20<\/strong><\/a><\/p>\n<p>[\/vc_column_text][vc_empty_space height=&#8221;15px&#8221;][\/vc_column][vc_column width=&#8221;1\/3&#8243;][vc_single_image image=&#8221;708&#8243; img_size=&#8221;full&#8221; alignment=&#8221;center&#8221; qode_css_animation=&#8221;element_from_fade&#8221;][vc_empty_space height=&#8221;15px&#8221;][vc_column_text]<\/p>\n<h3>E-MAIL<\/h3>\n<p>[\/vc_column_text][vc_empty_space height=&#8221;15px&#8221;][vc_column_text]<\/p>\n<p style=\"text-align: center;\"><strong><a href=\"mailto:info@cinderellasday.com\">info@cinderellasday.com<\/a><\/strong><br \/>\n<a href=\"mailto:cinderellasday@gmail.com\"><strong>cinderellasday@gmail.com<\/strong><\/a><\/p>\n<p>[\/vc_column_text][vc_empty_space height=&#8221;15px&#8221;][\/vc_column][vc_column width=&#8221;1\/3&#8243;][vc_single_image image=&#8221;708&#8243; img_size=&#8221;full&#8221; alignment=&#8221;center&#8221; qode_css_animation=&#8221;element_from_fade&#8221;][vc_empty_space height=&#8221;15px&#8221;][vc_column_text]<\/p>\n<h3>IROD\u00c1NK<\/h3>\n<p>[\/vc_column_text][vc_empty_space height=&#8221;15px&#8221;][vc_column_text]<\/p>\n<p style=\"text-align: center;\">Budapest, Hungary<\/p>\n<p>[\/vc_column_text][vc_empty_space height=&#8221;15px&#8221;][\/vc_column][\/vc_row][vc_row css_animation=&#8221;&#8221; row_type=&#8221;row&#8221; use_row_as_full_screen_section=&#8221;no&#8221; type=&#8221;full_width&#8221; angled_section=&#8221;no&#8221; text_align=&#8221;center&#8221; background_image_as_pattern=&#8221;without_pattern&#8221; css=&#8221;.vc_custom_1567682604250{padding-top: 50px !important;padding-bottom: 50px !important;}&#8221; z_index=&#8221;&#8221;][vc_column][vc_row_inner row_type=&#8221;row&#8221; type=&#8221;grid&#8221; text_align=&#8221;left&#8221; css_animation=&#8221;&#8221;][vc_column_inner width=&#8221;1\/2&#8243;][vc_column_text]<\/p>\n<h2 style=\"text-align: left;\">K\u00fcldjetek \u00fczenetet<\/h2>\n<p>[\/vc_column_text][vc_empty_space height=&#8221;20px&#8221;]\n<div class=\"wpcf7 no-js\" id=\"wpcf7-f516-o1\" lang=\"hu-HU\" dir=\"ltr\">\n<div class=\"screen-reader-response\"><p role=\"status\" aria-live=\"polite\" aria-atomic=\"true\"><\/p> <ul><\/ul><\/div>\n<form action=\"\/hu\/wp-json\/wp\/v2\/pages\/791#wpcf7-f516-o1\" method=\"post\" class=\"wpcf7-form init cf7_custom_style_1\" aria-label=\"Kapcsolatfelv\u00e9teli \u0171rlap\" novalidate=\"novalidate\" data-status=\"init\">\n<div style=\"display: none;\">\n<input type=\"hidden\" name=\"_wpcf7\" value=\"516\" \/>\n<input type=\"hidden\" name=\"_wpcf7_version\" value=\"5.7.7\" \/>\n<input type=\"hidden\" name=\"_wpcf7_locale\" value=\"hu_HU\" \/>\n<input type=\"hidden\" name=\"_wpcf7_unit_tag\" value=\"wpcf7-f516-o1\" \/>\n<input type=\"hidden\" name=\"_wpcf7_container_post\" value=\"0\" \/>\n<input type=\"hidden\" name=\"_wpcf7_posted_data_hash\" value=\"\" \/>\n<input type=\"hidden\" name=\"_wpcf7_recaptcha_response\" value=\"\" \/>\n<\/div>\n<p><span class=\"wpcf7-form-control-wrap\" data-name=\"your-name\"><input size=\"40\" class=\"wpcf7-form-control wpcf7-text wpcf7-validates-as-required\" aria-required=\"true\" aria-invalid=\"false\" placeholder=\"n\u00e9v\" value=\"\" type=\"text\" name=\"your-name\" \/><\/span>\n<\/p>\n<p><span class=\"wpcf7-form-control-wrap\" data-name=\"your-email\"><input size=\"40\" class=\"wpcf7-form-control wpcf7-text wpcf7-email wpcf7-validates-as-required wpcf7-validates-as-email\" aria-required=\"true\" aria-invalid=\"false\" placeholder=\"e-mail\" value=\"\" type=\"email\" name=\"your-email\" \/><\/span>\n<\/p>\n<p><span class=\"wpcf7-form-control-wrap\" data-name=\"your-message\"><textarea cols=\"40\" rows=\"10\" class=\"wpcf7-form-control wpcf7-textarea\" aria-invalid=\"false\" placeholder=\"\u00fczenet\" name=\"your-message\"><\/textarea><\/span>\n<\/p>\n<p><span class=\"wpcf7-form-control-wrap\" data-name=\"acceptance-192\"><span class=\"wpcf7-form-control wpcf7-acceptance\"><span class=\"wpcf7-list-item\"><label><input type=\"checkbox\" name=\"acceptance-192\" value=\"1\" aria-invalid=\"false\" \/><span class=\"wpcf7-list-item-label\">Elfogadom az <a href='https:\/\/cinderellasday.com\/hu\/adatkezelesi-tajekoztato\/' target=\"_blank\">Adatkezel\u00e9si t\u00e1j\u00e9koztat\u00f3t.<\/a><\/span><\/label><\/span><\/span><\/span>\n<\/p>\n<p><input class=\"wpcf7-form-control has-spinner wpcf7-submit\" type=\"submit\" value=\"Send\" \/>\n<\/p><div class=\"wpcf7-response-output\" aria-hidden=\"true\"><\/div>\n<\/form>\n<\/div>\n[\/vc_column_inner][vc_column_inner width=&#8221;1\/2&#8243;][vc_empty_space height=&#8221;20px&#8221;][vc_single_image image=&#8221;795&#8243; img_size=&#8221;full&#8221; alignment=&#8221;center&#8221; qode_css_animation=&#8221;&#8221;][\/vc_column_inner][\/vc_row_inner][\/vc_column][\/vc_row][vc_row row_type=&#8221;parallax&#8221; parallax_content_width=&#8221;full_width&#8221; text_align=&#8221;left&#8221; full_screen_section_height=&#8221;no&#8221; background_image=&#8221;466&#8243; section_height=&#8221;500&#8243;][vc_column][\/vc_column][\/vc_row][vc_row css_animation=&#8221;&#8221; row_type=&#8221;row&#8221; use_row_as_full_screen_section=&#8221;no&#8221; type=&#8221;full_width&#8221; angled_section=&#8221;no&#8221; text_align=&#8221;center&#8221; background_image_as_pattern=&#8221;without_pattern&#8221; css=&#8221;.vc_custom_1566564630165{padding-top: 30px !important;padding-bottom: 30px !important;background-color: #f8f6f3 !important;}&#8221; z_index=&#8221;&#8221;][vc_column]<span class='q_social_icon_holder circle_social' data-color=#3d3d3d data-hover-background-color=rgba(0,0,0,0.01) data-hover-color=#3d3d3d><a itemprop='url' href='https:\/\/www.facebook.com\/WeddingHungary' target='_blank'><span class='fa-stack ' style='background-color: #ffffff;font-size: 26px;'><i class=\"qode_icon_font_awesome fa fa-facebook \" style=\"color: #3d3d3d;font-size: 18px;\" ><\/i><\/span><\/a><\/span><span class='q_social_icon_holder circle_social' data-color=#3d3d3d data-hover-background-color=rgba(0,0,0,0.01) data-hover-color=#3d3d3d><a itemprop='url' href='https:\/\/www.instagram.com\/cinderellasday\/' target='_blank'><span class='fa-stack ' style='background-color: #ffffff;font-size: 26px;'><i class=\"qode_icon_font_awesome fa fa-instagram \" style=\"color: #3d3d3d;font-size: 18px;\" ><\/i><\/span><\/a><\/span>[vc_empty_space height=&#8221;12px&#8221;]<div class=\"custom_font_holder\" style=\" font-size: 13px; line-height: 26px; font-style: normal; font-weight: 400; color: #444444; text-decoration: none; text-align: center;\"><span style=\"color: #000000;\">\u00a9 Copyright 2023 | All right reserved | Made with \u2661 by\u00a0@petijuci <a style=\"color: #000000;\" href=\"https:\/\/authenticoagency.com\/\" target=\"_blank\" rel=\"noopener\">Authentico Agency<\/a><\/span><\/div>[\/vc_column][\/vc_row]<\/p>\n<\/section>","protected":false},"excerpt":{"rendered":"<p>[vc_row row_type=&#8221;parallax&#8221; parallax_content_width=&#8221;full_width&#8221; text_align=&#8221;left&#8221; full_screen_section_height=&#8221;no&#8221; background_image=&#8221;794&#8243; section_height=&#8221;350&#8243;][vc_column][\/vc_column][\/vc_row][vc_row css_animation=&#8221;&#8221; row_type=&#8221;row&#8221; use_row_as_full_screen_section=&#8221;no&#8221; type=&#8221;grid&#8221; angled_section=&#8221;no&#8221; text_align=&#8221;center&#8221; background_image_as_pattern=&#8221;without_pattern&#8221; z_index=&#8221;&#8221; css=&#8221;.vc_custom_1566644981902{padding-top: 50px !important;padding-bottom: 50px !important;}&#8221;][vc_column][qode_elements_holder number_of_columns=&#8221;one_column&#8221;][qode_elements_holder_item advanced_animations=&#8221;no&#8221; item_padding_768_1024=&#8221;0 8% 0 8%&#8221; item_padding_600_768=&#8221;0 0 0 0&#8243; item_padding_480=&#8221;0 0% 0 0%&#8221; item_padding=&#8221;0 8% 0 8%&#8221;][vc_column_text] Kapcsolat [\/vc_column_text][vc_separator type=&#8221;small&#8221; position=&#8221;center&#8221; color=&#8221;#c4a47c&#8221; thickness=&#8221;1&#8243; width=&#8221;120&#8243;][vc_empty_space&#8230;<\/p>\n","protected":false},"author":2,"featured_media":0,"parent":0,"menu_order":0,"comment_status":"closed","ping_status":"closed","template":"full_width.php","meta":[],"yoast_head":"<!-- This site is optimized with the Yoast SEO plugin v20.11 - https:\/\/yoast.com\/wordpress\/plugins\/seo\/ -->\n<title>Kapcsolat - Cinderella&#039;s Day<\/title>\n<meta name=\"robots\" content=\"index, follow, max-snippet:-1, max-image-preview:large, max-video-preview:-1\" \/>\n<link rel=\"canonical\" href=\"https:\/\/cinderellasday.com\/hu\/kapcsolat\/\" \/>\n<meta property=\"og:locale\" content=\"hu_HU\" \/>\n<meta property=\"og:type\" content=\"article\" \/>\n<meta property=\"og:title\" content=\"Kapcsolat - Cinderella&#039;s Day\" \/>\n<meta property=\"og:description\" content=\"[vc_row row_type=&#8221;parallax&#8221; parallax_content_width=&#8221;full_width&#8221; text_align=&#8221;left&#8221; full_screen_section_height=&#8221;no&#8221; background_image=&#8221;794&#8243; section_height=&#8221;350&#8243;][vc_column][\/vc_column][\/vc_row][vc_row css_animation=&#8221;&#8221; row_type=&#8221;row&#8221; use_row_as_full_screen_section=&#8221;no&#8221; type=&#8221;grid&#8221; angled_section=&#8221;no&#8221; text_align=&#8221;center&#8221; background_image_as_pattern=&#8221;without_pattern&#8221; z_index=&#8221;&#8221; css=&#8221;.vc_custom_1566644981902{padding-top: 50px !important;padding-bottom: 50px !important;}&#8221;][vc_column][qode_elements_holder number_of_columns=&#8221;one_column&#8221;][qode_elements_holder_item advanced_animations=&#8221;no&#8221; item_padding_768_1024=&#8221;0 8% 0 8%&#8221; item_padding_600_768=&#8221;0 0 0 0&#8243; item_padding_480=&#8221;0 0% 0 0%&#8221; item_padding=&#8221;0 8% 0 8%&#8221;][vc_column_text] Kapcsolat [\/vc_column_text][vc_separator type=&#8221;small&#8221; position=&#8221;center&#8221; color=&#8221;#c4a47c&#8221; thickness=&#8221;1&#8243; width=&#8221;120&#8243;][vc_empty_space...\" \/>\n<meta property=\"og:url\" content=\"https:\/\/cinderellasday.com\/hu\/kapcsolat\/\" \/>\n<meta property=\"og:site_name\" content=\"Cinderella&#039;s Day\" \/>\n<meta property=\"article:modified_time\" content=\"2023-07-21T12:01:57+00:00\" \/>\n<meta name=\"twitter:card\" content=\"summary_large_image\" \/>\n<meta name=\"twitter:label1\" content=\"Becs\u00fclt olvas\u00e1si id\u0151\" \/>\n\t<meta name=\"twitter:data1\" content=\"2 perc\" \/>\n<script type=\"application\/ld+json\" class=\"yoast-schema-graph\">{\"@context\":\"https:\/\/schema.org\",\"@graph\":[{\"@type\":\"WebPage\",\"@id\":\"https:\/\/cinderellasday.com\/hu\/kapcsolat\/\",\"url\":\"https:\/\/cinderellasday.com\/hu\/kapcsolat\/\",\"name\":\"Kapcsolat - Cinderella&#039;s Day\",\"isPartOf\":{\"@id\":\"https:\/\/cinderellasday.com\/#website\"},\"datePublished\":\"2019-09-23T15:57:18+00:00\",\"dateModified\":\"2023-07-21T12:01:57+00:00\",\"breadcrumb\":{\"@id\":\"https:\/\/cinderellasday.com\/hu\/kapcsolat\/#breadcrumb\"},\"inLanguage\":\"hu\",\"potentialAction\":[{\"@type\":\"ReadAction\",\"target\":[\"https:\/\/cinderellasday.com\/hu\/kapcsolat\/\"]}]},{\"@type\":\"BreadcrumbList\",\"@id\":\"https:\/\/cinderellasday.com\/hu\/kapcsolat\/#breadcrumb\",\"itemListElement\":[{\"@type\":\"ListItem\",\"position\":1,\"name\":\"Home\",\"item\":\"https:\/\/cinderellasday.com\/hu\/\"},{\"@type\":\"ListItem\",\"position\":2,\"name\":\"Kapcsolat\"}]},{\"@type\":\"WebSite\",\"@id\":\"https:\/\/cinderellasday.com\/#website\",\"url\":\"https:\/\/cinderellasday.com\/\",\"name\":\"Cinderella&#039;s Day\",\"description\":\"Cinderella&#039;s Day - Wedding and Event Planning in Budapest Hungary\",\"potentialAction\":[{\"@type\":\"SearchAction\",\"target\":{\"@type\":\"EntryPoint\",\"urlTemplate\":\"https:\/\/cinderellasday.com\/?s={search_term_string}\"},\"query-input\":\"required name=search_term_string\"}],\"inLanguage\":\"hu\"}]}<\/script>\n<!-- \/ Yoast SEO plugin. -->","yoast_head_json":{"title":"Kapcsolat - Cinderella&#039;s Day","robots":{"index":"index","follow":"follow","max-snippet":"max-snippet:-1","max-image-preview":"max-image-preview:large","max-video-preview":"max-video-preview:-1"},"canonical":"https:\/\/cinderellasday.com\/hu\/kapcsolat\/","og_locale":"hu_HU","og_type":"article","og_title":"Kapcsolat - Cinderella&#039;s Day","og_description":"[vc_row row_type=&#8221;parallax&#8221; parallax_content_width=&#8221;full_width&#8221; text_align=&#8221;left&#8221; full_screen_section_height=&#8221;no&#8221; background_image=&#8221;794&#8243; section_height=&#8221;350&#8243;][vc_column][\/vc_column][\/vc_row][vc_row css_animation=&#8221;&#8221; row_type=&#8221;row&#8221; use_row_as_full_screen_section=&#8221;no&#8221; type=&#8221;grid&#8221; angled_section=&#8221;no&#8221; text_align=&#8221;center&#8221; background_image_as_pattern=&#8221;without_pattern&#8221; z_index=&#8221;&#8221; css=&#8221;.vc_custom_1566644981902{padding-top: 50px !important;padding-bottom: 50px !important;}&#8221;][vc_column][qode_elements_holder number_of_columns=&#8221;one_column&#8221;][qode_elements_holder_item advanced_animations=&#8221;no&#8221; item_padding_768_1024=&#8221;0 8% 0 8%&#8221; item_padding_600_768=&#8221;0 0 0 0&#8243; item_padding_480=&#8221;0 0% 0 0%&#8221; item_padding=&#8221;0 8% 0 8%&#8221;][vc_column_text] Kapcsolat [\/vc_column_text][vc_separator type=&#8221;small&#8221; position=&#8221;center&#8221; color=&#8221;#c4a47c&#8221; thickness=&#8221;1&#8243; width=&#8221;120&#8243;][vc_empty_space...","og_url":"https:\/\/cinderellasday.com\/hu\/kapcsolat\/","og_site_name":"Cinderella&#039;s Day","article_modified_time":"2023-07-21T12:01:57+00:00","twitter_card":"summary_large_image","twitter_misc":{"Becs\u00fclt olvas\u00e1si id\u0151":"2 perc"},"schema":{"@context":"https:\/\/schema.org","@graph":[{"@type":"WebPage","@id":"https:\/\/cinderellasday.com\/hu\/kapcsolat\/","url":"https:\/\/cinderellasday.com\/hu\/kapcsolat\/","name":"Kapcsolat - Cinderella&#039;s Day","isPartOf":{"@id":"https:\/\/cinderellasday.com\/#website"},"datePublished":"2019-09-23T15:57:18+00:00","dateModified":"2023-07-21T12:01:57+00:00","breadcrumb":{"@id":"https:\/\/cinderellasday.com\/hu\/kapcsolat\/#breadcrumb"},"inLanguage":"hu","potentialAction":[{"@type":"ReadAction","target":["https:\/\/cinderellasday.com\/hu\/kapcsolat\/"]}]},{"@type":"BreadcrumbList","@id":"https:\/\/cinderellasday.com\/hu\/kapcsolat\/#breadcrumb","itemListElement":[{"@type":"ListItem","position":1,"name":"Home","item":"https:\/\/cinderellasday.com\/hu\/"},{"@type":"ListItem","position":2,"name":"Kapcsolat"}]},{"@type":"WebSite","@id":"https:\/\/cinderellasday.com\/#website","url":"https:\/\/cinderellasday.com\/","name":"Cinderella&#039;s Day","description":"Cinderella&#039;s Day - Wedding and Event Planning in Budapest Hungary","potentialAction":[{"@type":"SearchAction","target":{"@type":"EntryPoint","urlTemplate":"https:\/\/cinderellasday.com\/?s={search_term_string}"},"query-input":"required name=search_term_string"}],"inLanguage":"hu"}]}},"_links":{"self":[{"href":"https:\/\/cinderellasday.com\/hu\/wp-json\/wp\/v2\/pages\/791"}],"collection":[{"href":"https:\/\/cinderellasday.com\/hu\/wp-json\/wp\/v2\/pages"}],"about":[{"href":"https:\/\/cinderellasday.com\/hu\/wp-json\/wp\/v2\/types\/page"}],"author":[{"embeddable":true,"href":"https:\/\/cinderellasday.com\/hu\/wp-json\/wp\/v2\/users\/2"}],"replies":[{"embeddable":true,"href":"https:\/\/cinderellasday.com\/hu\/wp-json\/wp\/v2\/comments?post=791"}],"version-history":[{"count":10,"href":"https:\/\/cinderellasday.com\/hu\/wp-json\/wp\/v2\/pages\/791\/revisions"}],"predecessor-version":[{"id":1268,"href":"https:\/\/cinderellasday.com\/hu\/wp-json\/wp\/v2\/pages\/791\/revisions\/1268"}],"wp:attachment":[{"href":"https:\/\/cinderellasday.com\/hu\/wp-json\/wp\/v2\/media?parent=791"}],"curies":[{"name":"wp","href":"https:\/\/api.w.org\/{rel}","templated":true}]}}