{"id":653,"date":"2019-09-23T15:01:49","date_gmt":"2019-09-23T15:01:49","guid":{"rendered":"https:\/\/cinderellasday.com\/?page_id=653"},"modified":"2024-04-28T19:18:34","modified_gmt":"2024-04-28T19:18:34","slug":"prozess","status":"publish","type":"page","link":"https:\/\/cinderellasday.com\/de\/prozess\/","title":{"rendered":"Prozess"},"content":{"rendered":"<section class=\"wpb-content-wrapper\"><p>[vc_row css_animation=&#8220;&#8220; row_type=&#8220;row&#8220; use_row_as_full_screen_section=&#8220;no&#8220; type=&#8220;grid&#8220; angled_section=&#8220;no&#8220; text_align=&#8220;center&#8220; background_image_as_pattern=&#8220;without_pattern&#8220; z_index=&#8220;&#8220; css=&#8220;.vc_custom_1566649364330{padding-top: 50px !important;padding-bottom: 50px !important;}&#8220;][vc_column][qode_elements_holder number_of_columns=&#8220;one_column&#8220;][qode_elements_holder_item advanced_animations=&#8220;no&#8220; item_padding_768_1024=&#8220;0 8% 0 8%&#8220; item_padding_600_768=&#8220;0 0 0 0&#8243; item_padding_480=&#8220;0 0% 0 0%&#8220; item_padding=&#8220;0 8% 0 8%&#8220;][vc_column_text]<\/p>\n<h1>ABLAUF DER HOCHZEITSPLANUNG<\/h1>\n<p>[\/vc_column_text][vc_separator type=&#8220;small&#8220; position=&#8220;center&#8220; color=&#8220;#c4a47c&#8220; thickness=&#8220;1&#8243; width=&#8220;120&#8243;][vc_empty_space height=&#8220;20px&#8220;][vc_column_text]Wenn ihr eine Hochzeit in Ungarn plant, nehmt ihr den Kontakt mit uns auf, um einen Termin f\u00fcr ein pers\u00f6nliches Treffen oder Zoom Chat zu vereinbaren. Nach dem wir eure Pl\u00e4ne durchgesprochen haben, werden wir euch ein Angebot f\u00fcr undere Hochzeitsplanungsservices anfertigen. Wenn ihr das Angebot annehmt, dann k\u00f6nnen wir die Planung der Hochzeit anfangen.[\/vc_column_text][\/qode_elements_holder_item][\/qode_elements_holder][\/vc_column][\/vc_row][vc_row css_animation=&#8220;&#8220; row_type=&#8220;row&#8220; use_row_as_full_screen_section=&#8220;no&#8220; type=&#8220;grid&#8220; angled_section=&#8220;no&#8220; text_align=&#8220;center&#8220; background_image_as_pattern=&#8220;without_pattern&#8220; z_index=&#8220;&#8220;][vc_column][vc_row_inner row_type=&#8220;row&#8220; type=&#8220;grid&#8220; text_align=&#8220;center&#8220; css_animation=&#8220;&#8220;][vc_column_inner width=&#8220;1\/4&#8243;][vc_empty_space height=&#8220;15px&#8220;][vc_single_image image=&#8220;583&#8243; img_size=&#8220;full&#8220; alignment=&#8220;center&#8220; qode_css_animation=&#8220;element_from_fade&#8220;][vc_empty_space height=&#8220;15px&#8220;][vc_column_text]<\/p>\n<h3>IDEE &amp; PL\u00c4NE<\/h3>\n<p>[\/vc_column_text][vc_empty_space height=&#8220;15px&#8220;][vc_column_text]<\/p>\n<p style=\"text-align: center;\">Nehmt ihr den Kontakt mit uns auf, und l\u00e4sst ihr uns eure Ideen \u00fcber die Hochzeit in Ungarn zu erfahren. Nach diesem Gespr\u00e4ch erh\u00e4lt ihr unser Angebot.<\/p>\n<p>[\/vc_column_text][vc_empty_space height=&#8220;15px&#8220;][\/vc_column_inner][vc_column_inner width=&#8220;1\/4&#8243;][vc_empty_space height=&#8220;15px&#8220;][vc_single_image image=&#8220;583&#8243; img_size=&#8220;full&#8220; alignment=&#8220;center&#8220; qode_css_animation=&#8220;element_from_fade&#8220;][vc_empty_space height=&#8220;15px&#8220;][vc_column_text]<\/p>\n<h3>DESIGN<\/h3>\n<p>[\/vc_column_text][vc_empty_space height=&#8220;15px&#8220;][vc_column_text]<\/p>\n<p style=\"text-align: center;\">Auswahl der Lokation, Dienstleister, Themen und Design<\/p>\n<p>[\/vc_column_text][vc_empty_space height=&#8220;15px&#8220;][\/vc_column_inner][vc_column_inner width=&#8220;1\/4&#8243;][vc_empty_space height=&#8220;15px&#8220;][vc_single_image image=&#8220;583&#8243; img_size=&#8220;full&#8220; alignment=&#8220;center&#8220; qode_css_animation=&#8220;element_from_fade&#8220;][vc_empty_space height=&#8220;15px&#8220;][vc_column_text]<\/p>\n<h3>PLANUNG<\/h3>\n<p>[\/vc_column_text][vc_empty_space height=&#8220;15px&#8220;][vc_column_text]<\/p>\n<p style=\"text-align: center;\">Planung und Koordinierung alle Details<\/p>\n<p>[\/vc_column_text][vc_empty_space height=&#8220;15px&#8220;][\/vc_column_inner][vc_column_inner width=&#8220;1\/4&#8243;][vc_empty_space height=&#8220;15px&#8220;][vc_single_image image=&#8220;583&#8243; img_size=&#8220;full&#8220; alignment=&#8220;center&#8220; qode_css_animation=&#8220;element_from_fade&#8220;][vc_empty_space height=&#8220;15px&#8220;][vc_column_text]<\/p>\n<h3>FEIER<\/h3>\n<p>[\/vc_column_text][vc_empty_space height=&#8220;15px&#8220;][vc_column_text]<\/p>\n<p style=\"text-align: center;\">Es ist euren Gro\u00dfen Tag! Geniesst es! ?<\/p>\n<p>[\/vc_column_text][vc_empty_space height=&#8220;15px&#8220;][\/vc_column_inner][\/vc_row_inner][vc_empty_space height=&#8220;25px&#8220;]<div class=\"custom_font_holder\" style=\"font-family: Lora; font-size: 18px; line-height: 26px; font-style: italic; font-weight: 600; color: #c4a47c; text-decoration: underline; letter-spacing: 1px; text-align: center;\"><a href=\"https:\/\/cinderellasday.com\/de\/kontakt\/\">Kontaktiert uns &gt;<\/a><\/div>[vc_empty_space height=&#8220;40px&#8220;][\/vc_column][\/vc_row][vc_row css_animation=&#8220;&#8220; row_type=&#8220;row&#8220; use_row_as_full_screen_section=&#8220;no&#8220; type=&#8220;full_width&#8220; angled_section=&#8220;no&#8220; text_align=&#8220;left&#8220; background_image_as_pattern=&#8220;without_pattern&#8220; anchor=&#8220;gallery&#8220; css=&#8220;.vc_custom_1566494157514{background-color: #f8f6f3 !important;}&#8220; z_index=&#8220;&#8220;][vc_column][vc_row_inner row_type=&#8220;row&#8220; type=&#8220;full_width&#8220; text_align=&#8220;center&#8220; css_animation=&#8220;&#8220; css=&#8220;.vc_custom_1567093863920{padding-top: 50px !important;}&#8220;][vc_column_inner][vc_empty_space height=&#8220;15px&#8220;][vc_column_text]<\/p>\n<h1>VORSCHAU<\/h1>\n<p>[\/vc_column_text][vc_empty_space height=&#8220;20px&#8220;][vc_column_text]Geniesst ihr die Bilder von unseren vorherigen Hochzeiten![\/vc_column_text][vc_empty_space height=&#8220;20px&#8220;]<div class=\"custom_font_holder\" style=\"font-family: Lora; font-size: 18px; line-height: 26px; font-style: italic; font-weight: 600; color: #c4a47c; text-decoration: underline; letter-spacing: 1px; text-align: center;\"><a href=\"https:\/\/cinderellasday.com\/de\/galerie\/\">Galerie<\/a><\/div>[vc_empty_space height=&#8220;60px&#8220;]<div class=\"qode-advanced-image-gallery  qode-aig-grid-type qode-tiny-space  qode-image-behavior-zoom \">\n\t<div class=\"qode-aig-inner qode-outer-space qode-aig-grid qode-aig-three-columns\">\n\t\t\t\t\t<div class=\"qode-aig-image qode-item-space\">\n\t\t\t\t<div class=\"qode-aig-image-inner\">\n\t\t\t\t\t\t\t\t\t\t\t<img width=\"1100\" height=\"1100\" src=\"https:\/\/cinderellasday.com\/wp-content\/uploads\/2019\/08\/wedding-decoration-hungary.jpg\" class=\"attachment-full size-full\" alt=\"\" decoding=\"async\" loading=\"lazy\" srcset=\"https:\/\/cinderellasday.com\/wp-content\/uploads\/2019\/08\/wedding-decoration-hungary.jpg 1100w, https:\/\/cinderellasday.com\/wp-content\/uploads\/2019\/08\/wedding-decoration-hungary-150x150.jpg 150w, https:\/\/cinderellasday.com\/wp-content\/uploads\/2019\/08\/wedding-decoration-hungary-300x300.jpg 300w, https:\/\/cinderellasday.com\/wp-content\/uploads\/2019\/08\/wedding-decoration-hungary-768x768.jpg 768w, https:\/\/cinderellasday.com\/wp-content\/uploads\/2019\/08\/wedding-decoration-hungary-1024x1024.jpg 1024w, https:\/\/cinderellasday.com\/wp-content\/uploads\/2019\/08\/wedding-decoration-hungary-570x570.jpg 570w, https:\/\/cinderellasday.com\/wp-content\/uploads\/2019\/08\/wedding-decoration-hungary-500x500.jpg 500w, https:\/\/cinderellasday.com\/wp-content\/uploads\/2019\/08\/wedding-decoration-hungary-1000x1000.jpg 1000w, https:\/\/cinderellasday.com\/wp-content\/uploads\/2019\/08\/wedding-decoration-hungary-700x700.jpg 700w\" sizes=\"(max-width: 1100px) 100vw, 1100px\" \/>\t\t\t\t\t\t<span class=\"aig-gallery-hover\">\n\t\t\t\t\t\t\t\t\t\t\t\t\t<\/span>\n\t\t\t\t\t\t\t\t\t<\/div>\n\t\t\t<\/div>\n\t\t\t\t\t<div class=\"qode-aig-image qode-item-space\">\n\t\t\t\t<div class=\"qode-aig-image-inner\">\n\t\t\t\t\t\t\t\t\t\t\t<img width=\"1100\" height=\"1100\" src=\"https:\/\/cinderellasday.com\/wp-content\/uploads\/2019\/09\/process-gallery.jpg\" class=\"attachment-full size-full\" alt=\"\" decoding=\"async\" loading=\"lazy\" srcset=\"https:\/\/cinderellasday.com\/wp-content\/uploads\/2019\/09\/process-gallery.jpg 1100w, https:\/\/cinderellasday.com\/wp-content\/uploads\/2019\/09\/process-gallery-150x150.jpg 150w, https:\/\/cinderellasday.com\/wp-content\/uploads\/2019\/09\/process-gallery-300x300.jpg 300w, https:\/\/cinderellasday.com\/wp-content\/uploads\/2019\/09\/process-gallery-768x768.jpg 768w, https:\/\/cinderellasday.com\/wp-content\/uploads\/2019\/09\/process-gallery-1024x1024.jpg 1024w, https:\/\/cinderellasday.com\/wp-content\/uploads\/2019\/09\/process-gallery-570x570.jpg 570w, https:\/\/cinderellasday.com\/wp-content\/uploads\/2019\/09\/process-gallery-500x500.jpg 500w, https:\/\/cinderellasday.com\/wp-content\/uploads\/2019\/09\/process-gallery-1000x1000.jpg 1000w, https:\/\/cinderellasday.com\/wp-content\/uploads\/2019\/09\/process-gallery-700x700.jpg 700w\" sizes=\"(max-width: 1100px) 100vw, 1100px\" \/>\t\t\t\t\t\t<span class=\"aig-gallery-hover\">\n\t\t\t\t\t\t\t\t\t\t\t\t\t<\/span>\n\t\t\t\t\t\t\t\t\t<\/div>\n\t\t\t<\/div>\n\t\t\t\t\t<div class=\"qode-aig-image qode-item-space\">\n\t\t\t\t<div class=\"qode-aig-image-inner\">\n\t\t\t\t\t\t\t\t\t\t\t<img width=\"1100\" height=\"1100\" src=\"https:\/\/cinderellasday.com\/wp-content\/uploads\/2019\/09\/process-gallery1.jpg\" class=\"attachment-full size-full\" alt=\"\" decoding=\"async\" loading=\"lazy\" srcset=\"https:\/\/cinderellasday.com\/wp-content\/uploads\/2019\/09\/process-gallery1.jpg 1100w, https:\/\/cinderellasday.com\/wp-content\/uploads\/2019\/09\/process-gallery1-150x150.jpg 150w, https:\/\/cinderellasday.com\/wp-content\/uploads\/2019\/09\/process-gallery1-300x300.jpg 300w, https:\/\/cinderellasday.com\/wp-content\/uploads\/2019\/09\/process-gallery1-768x768.jpg 768w, https:\/\/cinderellasday.com\/wp-content\/uploads\/2019\/09\/process-gallery1-1024x1024.jpg 1024w, https:\/\/cinderellasday.com\/wp-content\/uploads\/2019\/09\/process-gallery1-570x570.jpg 570w, https:\/\/cinderellasday.com\/wp-content\/uploads\/2019\/09\/process-gallery1-500x500.jpg 500w, https:\/\/cinderellasday.com\/wp-content\/uploads\/2019\/09\/process-gallery1-1000x1000.jpg 1000w, https:\/\/cinderellasday.com\/wp-content\/uploads\/2019\/09\/process-gallery1-700x700.jpg 700w\" sizes=\"(max-width: 1100px) 100vw, 1100px\" \/>\t\t\t\t\t\t<span class=\"aig-gallery-hover\">\n\t\t\t\t\t\t\t\t\t\t\t\t\t<\/span>\n\t\t\t\t\t\t\t\t\t<\/div>\n\t\t\t<\/div>\n\t\t\t\t\t<div class=\"qode-aig-image qode-item-space\">\n\t\t\t\t<div class=\"qode-aig-image-inner\">\n\t\t\t\t\t\t\t\t\t\t\t<img width=\"1100\" height=\"1100\" src=\"https:\/\/cinderellasday.com\/wp-content\/uploads\/2019\/08\/french-wedding-hungary.jpg\" class=\"attachment-full size-full\" alt=\"\" decoding=\"async\" loading=\"lazy\" srcset=\"https:\/\/cinderellasday.com\/wp-content\/uploads\/2019\/08\/french-wedding-hungary.jpg 1100w, https:\/\/cinderellasday.com\/wp-content\/uploads\/2019\/08\/french-wedding-hungary-150x150.jpg 150w, https:\/\/cinderellasday.com\/wp-content\/uploads\/2019\/08\/french-wedding-hungary-300x300.jpg 300w, https:\/\/cinderellasday.com\/wp-content\/uploads\/2019\/08\/french-wedding-hungary-768x768.jpg 768w, https:\/\/cinderellasday.com\/wp-content\/uploads\/2019\/08\/french-wedding-hungary-1024x1024.jpg 1024w, https:\/\/cinderellasday.com\/wp-content\/uploads\/2019\/08\/french-wedding-hungary-570x570.jpg 570w, https:\/\/cinderellasday.com\/wp-content\/uploads\/2019\/08\/french-wedding-hungary-500x500.jpg 500w, https:\/\/cinderellasday.com\/wp-content\/uploads\/2019\/08\/french-wedding-hungary-1000x1000.jpg 1000w, https:\/\/cinderellasday.com\/wp-content\/uploads\/2019\/08\/french-wedding-hungary-700x700.jpg 700w\" sizes=\"(max-width: 1100px) 100vw, 1100px\" \/>\t\t\t\t\t\t<span class=\"aig-gallery-hover\">\n\t\t\t\t\t\t\t\t\t\t\t\t\t<\/span>\n\t\t\t\t\t\t\t\t\t<\/div>\n\t\t\t<\/div>\n\t\t\t\t\t<div class=\"qode-aig-image qode-item-space\">\n\t\t\t\t<div class=\"qode-aig-image-inner\">\n\t\t\t\t\t\t\t\t\t\t\t<img width=\"1100\" height=\"1100\" src=\"https:\/\/cinderellasday.com\/wp-content\/uploads\/2019\/09\/process-gallery2.jpg\" class=\"attachment-full size-full\" alt=\"\" decoding=\"async\" loading=\"lazy\" srcset=\"https:\/\/cinderellasday.com\/wp-content\/uploads\/2019\/09\/process-gallery2.jpg 1100w, https:\/\/cinderellasday.com\/wp-content\/uploads\/2019\/09\/process-gallery2-150x150.jpg 150w, https:\/\/cinderellasday.com\/wp-content\/uploads\/2019\/09\/process-gallery2-300x300.jpg 300w, https:\/\/cinderellasday.com\/wp-content\/uploads\/2019\/09\/process-gallery2-768x768.jpg 768w, https:\/\/cinderellasday.com\/wp-content\/uploads\/2019\/09\/process-gallery2-1024x1024.jpg 1024w, https:\/\/cinderellasday.com\/wp-content\/uploads\/2019\/09\/process-gallery2-570x570.jpg 570w, https:\/\/cinderellasday.com\/wp-content\/uploads\/2019\/09\/process-gallery2-500x500.jpg 500w, https:\/\/cinderellasday.com\/wp-content\/uploads\/2019\/09\/process-gallery2-1000x1000.jpg 1000w, https:\/\/cinderellasday.com\/wp-content\/uploads\/2019\/09\/process-gallery2-700x700.jpg 700w\" sizes=\"(max-width: 1100px) 100vw, 1100px\" \/>\t\t\t\t\t\t<span class=\"aig-gallery-hover\">\n\t\t\t\t\t\t\t\t\t\t\t\t\t<\/span>\n\t\t\t\t\t\t\t\t\t<\/div>\n\t\t\t<\/div>\n\t\t\t\t\t<div class=\"qode-aig-image qode-item-space\">\n\t\t\t\t<div class=\"qode-aig-image-inner\">\n\t\t\t\t\t\t\t\t\t\t\t<img width=\"1100\" height=\"1100\" src=\"https:\/\/cinderellasday.com\/wp-content\/uploads\/2019\/08\/french-wedding-in-hungary.jpg\" class=\"attachment-full size-full\" alt=\"\" decoding=\"async\" loading=\"lazy\" srcset=\"https:\/\/cinderellasday.com\/wp-content\/uploads\/2019\/08\/french-wedding-in-hungary.jpg 1100w, https:\/\/cinderellasday.com\/wp-content\/uploads\/2019\/08\/french-wedding-in-hungary-150x150.jpg 150w, https:\/\/cinderellasday.com\/wp-content\/uploads\/2019\/08\/french-wedding-in-hungary-300x300.jpg 300w, https:\/\/cinderellasday.com\/wp-content\/uploads\/2019\/08\/french-wedding-in-hungary-768x768.jpg 768w, https:\/\/cinderellasday.com\/wp-content\/uploads\/2019\/08\/french-wedding-in-hungary-1024x1024.jpg 1024w, https:\/\/cinderellasday.com\/wp-content\/uploads\/2019\/08\/french-wedding-in-hungary-570x570.jpg 570w, https:\/\/cinderellasday.com\/wp-content\/uploads\/2019\/08\/french-wedding-in-hungary-500x500.jpg 500w, https:\/\/cinderellasday.com\/wp-content\/uploads\/2019\/08\/french-wedding-in-hungary-1000x1000.jpg 1000w, https:\/\/cinderellasday.com\/wp-content\/uploads\/2019\/08\/french-wedding-in-hungary-700x700.jpg 700w\" sizes=\"(max-width: 1100px) 100vw, 1100px\" \/>\t\t\t\t\t\t<span class=\"aig-gallery-hover\">\n\t\t\t\t\t\t\t\t\t\t\t\t\t<\/span>\n\t\t\t\t\t\t\t\t\t<\/div>\n\t\t\t<\/div>\n\t\t\t<\/div>\n<\/div>[\/vc_column_inner][\/vc_row_inner][\/vc_column][\/vc_row][vc_row css_animation=&#8220;&#8220; row_type=&#8220;row&#8220; use_row_as_full_screen_section=&#8220;no&#8220; type=&#8220;full_width&#8220; angled_section=&#8220;no&#8220; text_align=&#8220;center&#8220; background_image_as_pattern=&#8220;without_pattern&#8220; css=&#8220;.vc_custom_1566564630165{padding-top: 30px !important;padding-bottom: 30px !important;background-color: #f8f6f3 !important;}&#8220; z_index=&#8220;&#8220;][vc_column]<span class='q_social_icon_holder circle_social' data-color=#3d3d3d data-hover-background-color=rgba(0,0,0,0.01) data-hover-color=#3d3d3d><a itemprop='url' href='https:\/\/www.facebook.com\/WeddingHungary' target='_blank'><span class='fa-stack ' style='background-color: #ffffff;font-size: 26px;'><i class=\"qode_icon_font_awesome fa fa-facebook \" style=\"color: #3d3d3d;font-size: 18px;\" ><\/i><\/span><\/a><\/span><span class='q_social_icon_holder circle_social' data-color=#3d3d3d data-hover-background-color=rgba(0,0,0,0.01) data-hover-color=#3d3d3d><a itemprop='url' href='https:\/\/www.instagram.com\/cinderellasday\/' target='_blank'><span class='fa-stack ' style='background-color: #ffffff;font-size: 26px;'><i class=\"qode_icon_font_awesome fa fa-instagram \" style=\"color: #3d3d3d;font-size: 18px;\" ><\/i><\/span><\/a><\/span>[vc_empty_space height=&#8220;12px&#8220;]<div class=\"custom_font_holder\" style=\" font-size: 13px; line-height: 26px; font-style: normal; font-weight: 400; color: #444444; text-decoration: none; text-align: center;\"><span style=\"color: #000000;\">\u00a9 Copyright 2023 | All right reserved | Made with \u2661 by\u00a0@petijuci <a style=\"color: #000000;\" href=\"https:\/\/authenticoagency.com\/\" target=\"_blank\" rel=\"noopener\">Authentico Agency<\/a><\/span><\/div>[\/vc_column][\/vc_row]<\/p>\n<\/section>","protected":false},"excerpt":{"rendered":"<p>[vc_row css_animation=&#8220;&#8220; row_type=&#8220;row&#8220; use_row_as_full_screen_section=&#8220;no&#8220; type=&#8220;grid&#8220; angled_section=&#8220;no&#8220; text_align=&#8220;center&#8220; background_image_as_pattern=&#8220;without_pattern&#8220; z_index=&#8220;&#8220; css=&#8220;.vc_custom_1566649364330{padding-top: 50px !important;padding-bottom: 50px !important;}&#8220;][vc_column][qode_elements_holder number_of_columns=&#8220;one_column&#8220;][qode_elements_holder_item advanced_animations=&#8220;no&#8220; item_padding_768_1024=&#8220;0 8% 0 8%&#8220; item_padding_600_768=&#8220;0 0 0 0&#8243; item_padding_480=&#8220;0 0% 0 0%&#8220; item_padding=&#8220;0 8% 0 8%&#8220;][vc_column_text] ABLAUF DER HOCHZEITSPLANUNG [\/vc_column_text][vc_separator type=&#8220;small&#8220; position=&#8220;center&#8220; color=&#8220;#c4a47c&#8220; thickness=&#8220;1&#8243; width=&#8220;120&#8243;][vc_empty_space height=&#8220;20px&#8220;][vc_column_text]Wenn ihr eine Hochzeit&#8230;<\/p>\n","protected":false},"author":2,"featured_media":0,"parent":0,"menu_order":0,"comment_status":"closed","ping_status":"closed","template":"full_width.php","meta":[],"yoast_head":"<!-- This site is optimized with the Yoast SEO plugin v20.11 - https:\/\/yoast.com\/wordpress\/plugins\/seo\/ -->\n<title>Prozess - Cinderella&#039;s Day<\/title>\n<meta name=\"robots\" content=\"index, follow, max-snippet:-1, max-image-preview:large, max-video-preview:-1\" \/>\n<link rel=\"canonical\" href=\"https:\/\/cinderellasday.com\/de\/prozess\/\" \/>\n<meta property=\"og:locale\" content=\"de_DE\" \/>\n<meta property=\"og:type\" content=\"article\" \/>\n<meta property=\"og:title\" content=\"Prozess - Cinderella&#039;s Day\" \/>\n<meta property=\"og:description\" content=\"[vc_row css_animation=&#8220;&#8220; row_type=&#8220;row&#8220; use_row_as_full_screen_section=&#8220;no&#8220; type=&#8220;grid&#8220; angled_section=&#8220;no&#8220; text_align=&#8220;center&#8220; background_image_as_pattern=&#8220;without_pattern&#8220; z_index=&#8220;&#8220; css=&#8220;.vc_custom_1566649364330{padding-top: 50px !important;padding-bottom: 50px !important;}&#8220;][vc_column][qode_elements_holder number_of_columns=&#8220;one_column&#8220;][qode_elements_holder_item advanced_animations=&#8220;no&#8220; item_padding_768_1024=&#8220;0 8% 0 8%&#8220; item_padding_600_768=&#8220;0 0 0 0&#8243; item_padding_480=&#8220;0 0% 0 0%&#8220; item_padding=&#8220;0 8% 0 8%&#8220;][vc_column_text] ABLAUF DER HOCHZEITSPLANUNG [\/vc_column_text][vc_separator type=&#8220;small&#8220; position=&#8220;center&#8220; color=&#8220;#c4a47c&#8220; thickness=&#8220;1&#8243; width=&#8220;120&#8243;][vc_empty_space height=&#8220;20px&#8220;][vc_column_text]Wenn ihr eine Hochzeit...\" \/>\n<meta property=\"og:url\" content=\"https:\/\/cinderellasday.com\/de\/prozess\/\" \/>\n<meta property=\"og:site_name\" content=\"Cinderella&#039;s Day\" \/>\n<meta property=\"article:modified_time\" content=\"2024-04-28T19:18:34+00:00\" \/>\n<meta name=\"twitter:card\" content=\"summary_large_image\" \/>\n<meta name=\"twitter:label1\" content=\"Gesch\u00e4tzte Lesezeit\" \/>\n\t<meta name=\"twitter:data1\" content=\"2\u00a0Minuten\" \/>\n<script type=\"application\/ld+json\" class=\"yoast-schema-graph\">{\"@context\":\"https:\/\/schema.org\",\"@graph\":[{\"@type\":\"WebPage\",\"@id\":\"https:\/\/cinderellasday.com\/de\/prozess\/\",\"url\":\"https:\/\/cinderellasday.com\/de\/prozess\/\",\"name\":\"Prozess - Cinderella&#039;s Day\",\"isPartOf\":{\"@id\":\"https:\/\/cinderellasday.com\/#website\"},\"datePublished\":\"2019-09-23T15:01:49+00:00\",\"dateModified\":\"2024-04-28T19:18:34+00:00\",\"breadcrumb\":{\"@id\":\"https:\/\/cinderellasday.com\/de\/prozess\/#breadcrumb\"},\"inLanguage\":\"de\",\"potentialAction\":[{\"@type\":\"ReadAction\",\"target\":[\"https:\/\/cinderellasday.com\/de\/prozess\/\"]}]},{\"@type\":\"BreadcrumbList\",\"@id\":\"https:\/\/cinderellasday.com\/de\/prozess\/#breadcrumb\",\"itemListElement\":[{\"@type\":\"ListItem\",\"position\":1,\"name\":\"Home\",\"item\":\"https:\/\/cinderellasday.com\/de\/\"},{\"@type\":\"ListItem\",\"position\":2,\"name\":\"Prozess\"}]},{\"@type\":\"WebSite\",\"@id\":\"https:\/\/cinderellasday.com\/#website\",\"url\":\"https:\/\/cinderellasday.com\/\",\"name\":\"Cinderella&#039;s Day\",\"description\":\"Cinderella&#039;s Day - Wedding and Event Planning in Budapest Hungary\",\"potentialAction\":[{\"@type\":\"SearchAction\",\"target\":{\"@type\":\"EntryPoint\",\"urlTemplate\":\"https:\/\/cinderellasday.com\/?s={search_term_string}\"},\"query-input\":\"required name=search_term_string\"}],\"inLanguage\":\"de\"}]}<\/script>\n<!-- \/ Yoast SEO plugin. -->","yoast_head_json":{"title":"Prozess - Cinderella&#039;s Day","robots":{"index":"index","follow":"follow","max-snippet":"max-snippet:-1","max-image-preview":"max-image-preview:large","max-video-preview":"max-video-preview:-1"},"canonical":"https:\/\/cinderellasday.com\/de\/prozess\/","og_locale":"de_DE","og_type":"article","og_title":"Prozess - Cinderella&#039;s Day","og_description":"[vc_row css_animation=&#8220;&#8220; row_type=&#8220;row&#8220; use_row_as_full_screen_section=&#8220;no&#8220; type=&#8220;grid&#8220; angled_section=&#8220;no&#8220; text_align=&#8220;center&#8220; background_image_as_pattern=&#8220;without_pattern&#8220; z_index=&#8220;&#8220; css=&#8220;.vc_custom_1566649364330{padding-top: 50px !important;padding-bottom: 50px !important;}&#8220;][vc_column][qode_elements_holder number_of_columns=&#8220;one_column&#8220;][qode_elements_holder_item advanced_animations=&#8220;no&#8220; item_padding_768_1024=&#8220;0 8% 0 8%&#8220; item_padding_600_768=&#8220;0 0 0 0&#8243; item_padding_480=&#8220;0 0% 0 0%&#8220; item_padding=&#8220;0 8% 0 8%&#8220;][vc_column_text] ABLAUF DER HOCHZEITSPLANUNG [\/vc_column_text][vc_separator type=&#8220;small&#8220; position=&#8220;center&#8220; color=&#8220;#c4a47c&#8220; thickness=&#8220;1&#8243; width=&#8220;120&#8243;][vc_empty_space height=&#8220;20px&#8220;][vc_column_text]Wenn ihr eine Hochzeit...","og_url":"https:\/\/cinderellasday.com\/de\/prozess\/","og_site_name":"Cinderella&#039;s Day","article_modified_time":"2024-04-28T19:18:34+00:00","twitter_card":"summary_large_image","twitter_misc":{"Gesch\u00e4tzte Lesezeit":"2\u00a0Minuten"},"schema":{"@context":"https:\/\/schema.org","@graph":[{"@type":"WebPage","@id":"https:\/\/cinderellasday.com\/de\/prozess\/","url":"https:\/\/cinderellasday.com\/de\/prozess\/","name":"Prozess - Cinderella&#039;s Day","isPartOf":{"@id":"https:\/\/cinderellasday.com\/#website"},"datePublished":"2019-09-23T15:01:49+00:00","dateModified":"2024-04-28T19:18:34+00:00","breadcrumb":{"@id":"https:\/\/cinderellasday.com\/de\/prozess\/#breadcrumb"},"inLanguage":"de","potentialAction":[{"@type":"ReadAction","target":["https:\/\/cinderellasday.com\/de\/prozess\/"]}]},{"@type":"BreadcrumbList","@id":"https:\/\/cinderellasday.com\/de\/prozess\/#breadcrumb","itemListElement":[{"@type":"ListItem","position":1,"name":"Home","item":"https:\/\/cinderellasday.com\/de\/"},{"@type":"ListItem","position":2,"name":"Prozess"}]},{"@type":"WebSite","@id":"https:\/\/cinderellasday.com\/#website","url":"https:\/\/cinderellasday.com\/","name":"Cinderella&#039;s Day","description":"Cinderella&#039;s Day - Wedding and Event Planning in Budapest Hungary","potentialAction":[{"@type":"SearchAction","target":{"@type":"EntryPoint","urlTemplate":"https:\/\/cinderellasday.com\/?s={search_term_string}"},"query-input":"required name=search_term_string"}],"inLanguage":"de"}]}},"_links":{"self":[{"href":"https:\/\/cinderellasday.com\/de\/wp-json\/wp\/v2\/pages\/653"}],"collection":[{"href":"https:\/\/cinderellasday.com\/de\/wp-json\/wp\/v2\/pages"}],"about":[{"href":"https:\/\/cinderellasday.com\/de\/wp-json\/wp\/v2\/types\/page"}],"author":[{"embeddable":true,"href":"https:\/\/cinderellasday.com\/de\/wp-json\/wp\/v2\/users\/2"}],"replies":[{"embeddable":true,"href":"https:\/\/cinderellasday.com\/de\/wp-json\/wp\/v2\/comments?post=653"}],"version-history":[{"count":8,"href":"https:\/\/cinderellasday.com\/de\/wp-json\/wp\/v2\/pages\/653\/revisions"}],"predecessor-version":[{"id":1285,"href":"https:\/\/cinderellasday.com\/de\/wp-json\/wp\/v2\/pages\/653\/revisions\/1285"}],"wp:attachment":[{"href":"https:\/\/cinderellasday.com\/de\/wp-json\/wp\/v2\/media?parent=653"}],"curies":[{"name":"wp","href":"https:\/\/api.w.org\/{rel}","templated":true}]}}